{"id":433,"date":"2017-01-10T14:44:03","date_gmt":"2017-01-10T14:44:03","guid":{"rendered":"http:\/\/import.getbowtied.com\/shopkeeper-replica?page_id=433"},"modified":"2025-10-16T00:48:55","modified_gmt":"2025-10-16T00:48:55","slug":"faqs","status":"publish","type":"page","link":"https:\/\/b-ludenim.com\/?page_id=433","title":{"rendered":"FAQs"},"content":{"rendered":"<div class=\"wpb-content-wrapper\"><p>[vc_row type=&#8221;boxed&#8221; background_style=&#8221;normal&#8221; css=&#8221;.vc_custom_1487365316112{margin-top: 75px !important;padding-right: 50px !important;padding-left: 50px !important;}&#8221;][vc_column][vc_column_text css=&#8221;.vc_custom_1633738414642{margin-bottom: 50px !important;}&#8221;]<\/p>\n<h3 style=\"text-align: center;\"><strong>Compra M\u00ednima<\/strong><\/h3>\n<p>[\/vc_column_text][vc_row_inner css=&#8221;.vc_custom_1410358939666{margin-bottom: 20px !important;}&#8221;][vc_column_inner width=&#8221;1\/2&#8243; css=&#8221;.vc_custom_1443415906747{padding-right: 5% !important;padding-left: 10px !important;}&#8221;][vc_column_text css=&#8221;&#8221;]<\/p>\n<h5><b>\u00bfCu\u00e1l es la compra m\u00ednima por mayor en la web?<\/b><\/h5>\n<p>La compra m\u00ednima es de $200.000[\/vc_column_text][\/vc_column_inner][vc_column_inner width=&#8221;1\/2&#8243; css=&#8221;.vc_custom_1443415917948{padding-right: 5% !important;padding-left: 10px !important;}&#8221;][vc_column_text]<\/p>\n<h5><b>\u00bfHacen env\u00edos?<\/b><\/h5>\n<p>Si hacemos env\u00edos a todo el pa\u00eds por expresos y correo oca , el env\u00edo corre a cargo del comprador<\/p>\n<p>Coordinar el costo del env\u00edo y Transporte por WhatsApp[\/vc_column_text][\/vc_column_inner][\/vc_row_inner][\/vc_column][\/vc_row][vc_row type=&#8221;boxed&#8221; background_style=&#8221;normal&#8221; css=&#8221;.vc_custom_1410359860044{padding-top: 30px !important;padding-bottom: 65px !important;}&#8221;][vc_column][vc_separator][\/vc_column][\/vc_row][vc_row type=&#8221;boxed&#8221; background_style=&#8221;normal&#8221; css=&#8221;.vc_custom_1487365252231{padding-right: 50px !important;padding-left: 50px !important;}&#8221;][vc_column][vc_column_text css=&#8221;.vc_custom_1633743984965{margin-bottom: 50px !important;}&#8221;]<\/p>\n<h3 style=\"text-align: center;\">Pago y Facturaci\u00f3n<\/h3>\n<p>[\/vc_column_text][vc_row_inner css=&#8221;.vc_custom_1410358939666{margin-bottom: 20px !important;}&#8221;][vc_column_inner width=&#8221;1\/2&#8243; css=&#8221;.vc_custom_1443415970531{padding-right: 5% !important;padding-left: 10px !important;}&#8221;][vc_column_text]<\/p>\n<h5><b>\u00bfCu\u00e1les son los medio de pago?<\/b><\/h5>\n<p>Pod\u00e9s abonar tu pedido a trav\u00e9s de dep\u00f3sitos y\/o transferencia bancaria, Mercado pago solo transferencia , pago f\u00e1cil , Rapipago.<\/p>\n<h5><b>\u00bfCu\u00e1nto tiempo tengo para abonarlo?<\/b><\/h5>\n<p>Ten\u00e9s 24 horas para abonar el pedido. De lo contrario procedemos a la baja del mismo, perdiendo la reserva de las prendas.[\/vc_column_text][\/vc_column_inner][vc_column_inner width=&#8221;1\/2&#8243; css=&#8221;.vc_custom_1443415984332{padding-right: 5% !important;padding-left: 10px !important;}&#8221;][vc_column_text]<\/p>\n<h5><b>\u00bfCu\u00e1nto demora en llegar mi pedido?<\/b><\/h5>\n<p>El tiempo depende de la distancia a recorrer y el m\u00e9todo de env\u00edo seleccionado. Por expresos suele demorar de 2 a 5 d\u00edas h\u00e1biles, en cambio por Correo Argentino de 5 a 7.[\/vc_column_text][\/vc_column_inner][\/vc_row_inner][\/vc_column][\/vc_row][vc_row type=&#8221;boxed&#8221; background_style=&#8221;normal&#8221; css=&#8221;.vc_custom_1410359869569{padding-top: 30px !important;padding-bottom: 65px !important;}&#8221;][vc_column][vc_separator][\/vc_column][\/vc_row][vc_row type=&#8221;boxed&#8221; background_style=&#8221;normal&#8221; css=&#8221;.vc_custom_1487365260609{padding-right: 50px !important;padding-left: 50px !important;}&#8221;][vc_column][vc_column_text css=&#8221;.vc_custom_1633745281054{margin-bottom: 50px !important;}&#8221;]<\/p>\n<h3 style=\"text-align: center;\">Pedido y Pol\u00edtica de Cambio<\/h3>\n<p>[\/vc_column_text][vc_row_inner css=&#8221;.vc_custom_1410358939666{margin-bottom: 20px !important;}&#8221;][vc_column_inner width=&#8221;1\/2&#8243; css=&#8221;.vc_custom_1443415995655{padding-right: 5% !important;padding-left: 10px !important;}&#8221;][vc_column_text]<\/p>\n<h5><b>\u00bfCu\u00e1nto demoran en armar el pedido?<\/b><\/h5>\n<p>Los pedidos se arman una vez recibidos, en el horario laboral de lunes a viernes, de 9 a 15 horas<\/p>\n<h5><b>\u00bfCu\u00e1l es la pol\u00edtica de cambio?<\/b><\/h5>\n<p>Las prendas se cambian\u00a0<strong>UNICAMENTE POR PRENDA FALLADA, <\/strong>en nuestra sucursal Av Avellaneda 3262 local 11<\/p>\n<p>La marca B-LUDENIM, no se hace responsable por prendas da\u00f1adas por parte del cliente.[\/vc_column_text][\/vc_column_inner][vc_column_inner width=&#8221;1\/2&#8243; css=&#8221;.vc_custom_1443416006097{padding-right: 5% !important;padding-left: 10px !important;}&#8221;][vc_column_text]<\/p>\n<h5><b>\u00bfVenden por menor?<\/b><\/h5>\n<p>No, somos mayoristas.[\/vc_column_text][\/vc_column_inner][\/vc_row_inner][\/vc_column][\/vc_row]<\/p>\n<\/div>","protected":false},"excerpt":{"rendered":"<p>[vc_row type=&#8221;boxed&#8221; background_style=&#8221;normal&#8221; css=&#8221;.vc_custom_1487365316112{margin-top: 75px !important;padding-right: 50px !important;padding-left: 50px !important;}&#8221;][vc_column][vc_column_text css=&#8221;.vc_custom_1633738414642{margin-bottom: 50px !important;}&#8221;] Compra M\u00ednima [\/vc_column_text][vc_row_inner css=&#8221;.vc_custom_1410358939666{margin-bottom: 20px !important;}&#8221;][vc_column_inner width=&#8221;1\/2&#8243; css=&#8221;.vc_custom_1443415906747{padding-right: 5% !important;padding-left: 10px !important;}&#8221;][vc_column_text css=&#8221;&#8221;] \u00bfCu\u00e1l es la compra m\u00ednima por mayor en la web? La compra m\u00ednima es de $200.000[\/vc_column_text][\/vc_column_inner][vc_column_inner width=&#8221;1\/2&#8243; css=&#8221;.vc_custom_1443415917948{padding-right: 5% !important;padding-left: 10px !important;}&#8221;][vc_column_text] \u00bfHacen env\u00edos? Si hacemos env\u00edos a todo [&hellip;]<\/p>\n","protected":false},"author":1,"featured_media":0,"parent":0,"menu_order":0,"comment_status":"closed","ping_status":"closed","template":"page-boxed.php","meta":{"_joinchat":[],"footnotes":""},"class_list":["post-433","page","type-page","status-publish","hentry"],"aioseo_notices":[],"_links":{"self":[{"href":"https:\/\/b-ludenim.com\/index.php?rest_route=\/wp\/v2\/pages\/433","targetHints":{"allow":["GET"]}}],"collection":[{"href":"https:\/\/b-ludenim.com\/index.php?rest_route=\/wp\/v2\/pages"}],"about":[{"href":"https:\/\/b-ludenim.com\/index.php?rest_route=\/wp\/v2\/types\/page"}],"author":[{"embeddable":true,"href":"https:\/\/b-ludenim.com\/index.php?rest_route=\/wp\/v2\/users\/1"}],"replies":[{"embeddable":true,"href":"https:\/\/b-ludenim.com\/index.php?rest_route=%2Fwp%2Fv2%2Fcomments&post=433"}],"version-history":[{"count":16,"href":"https:\/\/b-ludenim.com\/index.php?rest_route=\/wp\/v2\/pages\/433\/revisions"}],"predecessor-version":[{"id":15391,"href":"https:\/\/b-ludenim.com\/index.php?rest_route=\/wp\/v2\/pages\/433\/revisions\/15391"}],"wp:attachment":[{"href":"https:\/\/b-ludenim.com\/index.php?rest_route=%2Fwp%2Fv2%2Fmedia&parent=433"}],"curies":[{"name":"wp","href":"https:\/\/api.w.org\/{rel}","templated":true}]}}