{"id":4143,"date":"2022-10-06T02:27:25","date_gmt":"2022-10-06T02:27:25","guid":{"rendered":"https:\/\/b-ludenim.com\/?post_type=product&#038;p=4143"},"modified":"2025-12-01T15:23:53","modified_gmt":"2025-12-01T15:23:53","slug":"short-rigido-bolsillo-plaque-cintura-con-elastico-ruedo-normal","status":"publish","type":"product","link":"https:\/\/b-ludenim.com\/?product=short-rigido-bolsillo-plaque-cintura-con-elastico-ruedo-normal","title":{"rendered":"Short R\u00edgido Bolsillo Plaqu\u00e9 Cintura con El\u00e1stico ruedo normal"},"content":{"rendered":"<p>Short R\u00edgido Bolsillo Plaqu\u00e9 Cintura con El\u00e1stico ruedo normal<\/p>\n","protected":false},"excerpt":{"rendered":"<p>Short R\u00edgido Bolsillo Plaqu\u00e9 Cintura con El\u00e1stico ruedo normal<\/p>\n","protected":false},"featured_media":4146,"comment_status":"open","ping_status":"closed","template":"","meta":{"_joinchat":{"telephone":"+541153878051"}},"product_brand":[],"product_cat":[70],"product_tag":[94],"class_list":{"0":"post-4143","1":"product","2":"type-product","3":"status-publish","4":"has-post-thumbnail","6":"product_cat-shorts","7":"product_tag-primavera-verano-2023","9":"first","10":"outofstock","11":"shipping-taxable","12":"purchasable","13":"product-type-variable"},"aioseo_notices":[],"_links":{"self":[{"href":"https:\/\/b-ludenim.com\/index.php?rest_route=\/wp\/v2\/product\/4143","targetHints":{"allow":["GET"]}}],"collection":[{"href":"https:\/\/b-ludenim.com\/index.php?rest_route=\/wp\/v2\/product"}],"about":[{"href":"https:\/\/b-ludenim.com\/index.php?rest_route=\/wp\/v2\/types\/product"}],"replies":[{"embeddable":true,"href":"https:\/\/b-ludenim.com\/index.php?rest_route=%2Fwp%2Fv2%2Fcomments&post=4143"}],"wp:featuredmedia":[{"embeddable":true,"href":"https:\/\/b-ludenim.com\/index.php?rest_route=\/wp\/v2\/media\/4146"}],"wp:attachment":[{"href":"https:\/\/b-ludenim.com\/index.php?rest_route=%2Fwp%2Fv2%2Fmedia&parent=4143"}],"wp:term":[{"taxonomy":"product_brand","embeddable":true,"href":"https:\/\/b-ludenim.com\/index.php?rest_route=%2Fwp%2Fv2%2Fproduct_brand&post=4143"},{"taxonomy":"product_cat","embeddable":true,"href":"https:\/\/b-ludenim.com\/index.php?rest_route=%2Fwp%2Fv2%2Fproduct_cat&post=4143"},{"taxonomy":"product_tag","embeddable":true,"href":"https:\/\/b-ludenim.com\/index.php?rest_route=%2Fwp%2Fv2%2Fproduct_tag&post=4143"}],"curies":[{"name":"wp","href":"https:\/\/api.w.org\/{rel}","templated":true}]}}