{"id":4170,"date":"2022-10-08T16:04:21","date_gmt":"2022-10-08T16:04:21","guid":{"rendered":"https:\/\/b-ludenim.com\/?post_type=product&#038;p=4170"},"modified":"2025-12-02T19:36:10","modified_gmt":"2025-12-02T19:36:10","slug":"short-mom-rigido-black-bolsillo-plaque-hilo-blanco","status":"publish","type":"product","link":"https:\/\/b-ludenim.com\/?product=short-mom-rigido-black-bolsillo-plaque-hilo-blanco","title":{"rendered":"Short Mom R\u00edgido Black Bolsillo Plaqu\u00e9 Hilo Blanco"},"content":{"rendered":"<p>Short Mom R\u00edgido Black Bolsillo Plaqu\u00e9 Hilo Blanco<\/p>\n<p>&nbsp;<\/p>\n<p>referencia modelo usa talle 50<\/p>\n<p>tenemos 46 48 50 52 en pagina s\u00f3lo figura hasta 50 por tema de configuraci\u00f3n en p\u00e1gina<\/p>\n<p>lo agregamos una vez contactado al cliente si desea TALLE 52<\/p>\n","protected":false},"excerpt":{"rendered":"<p>Short Mom R\u00edgido Black Bolsillo Plaqu\u00e9 Hilo Blanco<\/p>\n","protected":false},"featured_media":4172,"comment_status":"open","ping_status":"closed","template":"","meta":{"_joinchat":{"telephone":"+541153878051"}},"product_brand":[],"product_cat":[70],"product_tag":[94],"class_list":{"0":"post-4170","1":"product","2":"type-product","3":"status-publish","4":"has-post-thumbnail","6":"product_cat-shorts","7":"product_tag-primavera-verano-2023","9":"first","10":"outofstock","11":"shipping-taxable","12":"purchasable","13":"product-type-variable"},"aioseo_notices":[],"_links":{"self":[{"href":"https:\/\/b-ludenim.com\/index.php?rest_route=\/wp\/v2\/product\/4170","targetHints":{"allow":["GET"]}}],"collection":[{"href":"https:\/\/b-ludenim.com\/index.php?rest_route=\/wp\/v2\/product"}],"about":[{"href":"https:\/\/b-ludenim.com\/index.php?rest_route=\/wp\/v2\/types\/product"}],"replies":[{"embeddable":true,"href":"https:\/\/b-ludenim.com\/index.php?rest_route=%2Fwp%2Fv2%2Fcomments&post=4170"}],"wp:featuredmedia":[{"embeddable":true,"href":"https:\/\/b-ludenim.com\/index.php?rest_route=\/wp\/v2\/media\/4172"}],"wp:attachment":[{"href":"https:\/\/b-ludenim.com\/index.php?rest_route=%2Fwp%2Fv2%2Fmedia&parent=4170"}],"wp:term":[{"taxonomy":"product_brand","embeddable":true,"href":"https:\/\/b-ludenim.com\/index.php?rest_route=%2Fwp%2Fv2%2Fproduct_brand&post=4170"},{"taxonomy":"product_cat","embeddable":true,"href":"https:\/\/b-ludenim.com\/index.php?rest_route=%2Fwp%2Fv2%2Fproduct_cat&post=4170"},{"taxonomy":"product_tag","embeddable":true,"href":"https:\/\/b-ludenim.com\/index.php?rest_route=%2Fwp%2Fv2%2Fproduct_tag&post=4170"}],"curies":[{"name":"wp","href":"https:\/\/api.w.org\/{rel}","templated":true}]}}