{"id":4187,"date":"2022-10-09T13:13:33","date_gmt":"2022-10-09T13:13:33","guid":{"rendered":"https:\/\/b-ludenim.com\/?post_type=product&#038;p=4187"},"modified":"2025-09-17T11:59:54","modified_gmt":"2025-09-17T11:59:54","slug":"short-elastizado-azul-localizado-ruedo-rebatido","status":"publish","type":"product","link":"https:\/\/b-ludenim.com\/?product=short-elastizado-azul-localizado-ruedo-rebatido","title":{"rendered":"Short Elastizado Azul Localizado ruedo rebatido"},"content":{"rendered":"<p>Short Elastizado Azul Localizado ruedo rebatido<\/p>\n<p>&nbsp;<\/p>\n<p>referencia modelo usa talle 50<\/p>\n<p>tenemos 46 48 50 52 en pagina s\u00f3lo figura hasta 50 por tema de configuraci\u00f3n en p\u00e1gina<\/p>\n<p>lo agregamos una vez contactado al cliente si desea TALLE 52<\/p>\n","protected":false},"excerpt":{"rendered":"<p>Short Elastizado Azul Localizado ruedo rebatido<\/p>\n","protected":false},"featured_media":4189,"comment_status":"open","ping_status":"closed","template":"","meta":{"_joinchat":{"telephone":"+541153878051"}},"product_brand":[],"product_cat":[70],"product_tag":[94],"class_list":{"0":"post-4187","1":"product","2":"type-product","3":"status-publish","4":"has-post-thumbnail","6":"product_cat-shorts","7":"product_tag-primavera-verano-2023","9":"first","10":"instock","11":"shipping-taxable","12":"purchasable","13":"product-type-variable"},"aioseo_notices":[],"_links":{"self":[{"href":"https:\/\/b-ludenim.com\/index.php?rest_route=\/wp\/v2\/product\/4187","targetHints":{"allow":["GET"]}}],"collection":[{"href":"https:\/\/b-ludenim.com\/index.php?rest_route=\/wp\/v2\/product"}],"about":[{"href":"https:\/\/b-ludenim.com\/index.php?rest_route=\/wp\/v2\/types\/product"}],"replies":[{"embeddable":true,"href":"https:\/\/b-ludenim.com\/index.php?rest_route=%2Fwp%2Fv2%2Fcomments&post=4187"}],"wp:featuredmedia":[{"embeddable":true,"href":"https:\/\/b-ludenim.com\/index.php?rest_route=\/wp\/v2\/media\/4189"}],"wp:attachment":[{"href":"https:\/\/b-ludenim.com\/index.php?rest_route=%2Fwp%2Fv2%2Fmedia&parent=4187"}],"wp:term":[{"taxonomy":"product_brand","embeddable":true,"href":"https:\/\/b-ludenim.com\/index.php?rest_route=%2Fwp%2Fv2%2Fproduct_brand&post=4187"},{"taxonomy":"product_cat","embeddable":true,"href":"https:\/\/b-ludenim.com\/index.php?rest_route=%2Fwp%2Fv2%2Fproduct_cat&post=4187"},{"taxonomy":"product_tag","embeddable":true,"href":"https:\/\/b-ludenim.com\/index.php?rest_route=%2Fwp%2Fv2%2Fproduct_tag&post=4187"}],"curies":[{"name":"wp","href":"https:\/\/api.w.org\/{rel}","templated":true}]}}