{"id":8841,"date":"2024-05-03T14:09:45","date_gmt":"2024-05-03T14:09:45","guid":{"rendered":"https:\/\/b-ludenim.com\/?post_type=product&#038;p=8841"},"modified":"2026-03-31T14:17:48","modified_gmt":"2026-03-31T14:17:48","slug":"wide-leg-rigido-animal-print-tiro-caido-ruedo-normal-2","status":"publish","type":"product","link":"https:\/\/b-ludenim.com\/?product=wide-leg-rigido-animal-print-tiro-caido-ruedo-normal-2","title":{"rendered":"Wide leg r\u00edgido Animal Print tiro ca\u00eddo ruedo normal"},"content":{"rendered":"<p>Wide leg r\u00edgido Animal Print tiro ca\u00eddo ruedo normal<\/p>\n","protected":false},"excerpt":{"rendered":"<p>Wide leg r\u00edgido Animal Print tiro ca\u00eddo ruedo normal<\/p>\n","protected":false},"featured_media":9074,"comment_status":"open","ping_status":"closed","template":"","meta":{"_joinchat":[]},"product_brand":[],"product_cat":[84],"product_tag":[159,156],"class_list":{"0":"post-8841","1":"product","2":"type-product","3":"status-publish","4":"has-post-thumbnail","6":"product_cat-wide-leg","7":"product_tag-animal-print","8":"product_tag-otono-invierrno-2024","10":"first","11":"instock","12":"sale","13":"shipping-taxable","14":"purchasable","15":"product-type-variable"},"aioseo_notices":[],"_links":{"self":[{"href":"https:\/\/b-ludenim.com\/index.php?rest_route=\/wp\/v2\/product\/8841","targetHints":{"allow":["GET"]}}],"collection":[{"href":"https:\/\/b-ludenim.com\/index.php?rest_route=\/wp\/v2\/product"}],"about":[{"href":"https:\/\/b-ludenim.com\/index.php?rest_route=\/wp\/v2\/types\/product"}],"replies":[{"embeddable":true,"href":"https:\/\/b-ludenim.com\/index.php?rest_route=%2Fwp%2Fv2%2Fcomments&post=8841"}],"wp:featuredmedia":[{"embeddable":true,"href":"https:\/\/b-ludenim.com\/index.php?rest_route=\/wp\/v2\/media\/9074"}],"wp:attachment":[{"href":"https:\/\/b-ludenim.com\/index.php?rest_route=%2Fwp%2Fv2%2Fmedia&parent=8841"}],"wp:term":[{"taxonomy":"product_brand","embeddable":true,"href":"https:\/\/b-ludenim.com\/index.php?rest_route=%2Fwp%2Fv2%2Fproduct_brand&post=8841"},{"taxonomy":"product_cat","embeddable":true,"href":"https:\/\/b-ludenim.com\/index.php?rest_route=%2Fwp%2Fv2%2Fproduct_cat&post=8841"},{"taxonomy":"product_tag","embeddable":true,"href":"https:\/\/b-ludenim.com\/index.php?rest_route=%2Fwp%2Fv2%2Fproduct_tag&post=8841"}],"curies":[{"name":"wp","href":"https:\/\/api.w.org\/{rel}","templated":true}]}}